{"id":7436,"date":"2025-02-12T08:06:08","date_gmt":"2025-02-12T08:06:08","guid":{"rendered":"https:\/\/scoolproject.org\/?page_id=7436"},"modified":"2025-07-08T12:25:50","modified_gmt":"2025-07-08T12:25:50","slug":"project-management-2","status":"publish","type":"page","link":"https:\/\/scoolproject.org\/hr\/project-management-2\/","title":{"rendered":"Upravljanje projektom"},"content":{"rendered":"\t\t<div data-elementor-type=\"wp-page\" data-elementor-id=\"7436\" class=\"elementor elementor-7436\" data-elementor-post-type=\"page\">\n\t\t\t\t<div class=\"elementor-element elementor-element-2a859bb3 e-con-full e-flex e-con e-parent\" data-id=\"2a859bb3\" data-element_type=\"container\" data-settings=\"{&quot;background_background&quot;:&quot;classic&quot;}\">\n\t\t\t\t<div class=\"elementor-element elementor-element-261821a7 elementor-widget elementor-widget-heading\" data-id=\"261821a7\" data-element_type=\"widget\" data-widget_type=\"heading.default\">\n\t\t\t\t<div class=\"elementor-widget-container\">\n\t\t\t\t\t<h1 class=\"elementor-heading-title elementor-size-default\">Upravljanje projektom<\/h1>\t\t\t\t<\/div>\n\t\t\t\t<\/div>\n\t\t\t\t<\/div>\n\t\t<div class=\"elementor-element elementor-element-684c4f6 e-flex e-con-boxed e-con e-parent\" data-id=\"684c4f6\" data-element_type=\"container\">\n\t\t\t\t\t<div class=\"e-con-inner\">\n\t\t<div class=\"elementor-element elementor-element-546e8459 e-con-full e-flex e-con e-child\" data-id=\"546e8459\" data-element_type=\"container\">\n\t\t\t\t<div class=\"elementor-element elementor-element-70531fdb elementor-widget elementor-widget-text-editor\" data-id=\"70531fdb\" data-element_type=\"widget\" data-widget_type=\"text-editor.default\">\n\t\t\t\t<div class=\"elementor-widget-container\">\n\t\t\t\t\t\t\t\t\t<p><strong>Upravljanje projektom<\/strong> osigurava da svaka faza provedbe te\u010de glatko i prema planu. Na\u0161 tim brine o svakom detalju, od organizacije doga\u0111aja i koordinacije partnera do osiguravanja u\u010dinkovitog kori\u0161tenja resursa. Redovito pratimo napredak i prilago\u0111avamo aktivnosti kako bismo postigli najbolje mogu\u0107e rezultate. Transparentnost, suradnja i profesionalnost temelji su na\u0161eg pristupa. Roditelji i treneri mogu biti sigurni da svaki korak ovog projekta doprinosi dobrobiti uklju\u010dene djece.<\/p>\t\t\t\t\t\t\t\t<\/div>\n\t\t\t\t<\/div>\n\t\t\t\t<\/div>\n\t\t<div class=\"elementor-element elementor-element-226f8a39 e-con-full e-flex e-con e-child\" data-id=\"226f8a39\" data-element_type=\"container\">\n\t\t\t\t<div class=\"elementor-element elementor-element-543bb7b elementor-widget elementor-widget-image\" data-id=\"543bb7b\" data-element_type=\"widget\" data-widget_type=\"image.default\">\n\t\t\t\t<div class=\"elementor-widget-container\">\n\t\t\t\t\t\t\t\t\t\t\t\t\t\t\t<img fetchpriority=\"high\" decoding=\"async\" width=\"780\" height=\"521\" src=\"https:\/\/scoolproject.org\/wp-content\/uploads\/2025\/02\/sport2life_-30.webp\" class=\"attachment-large size-large wp-image-7483\" alt=\"\" srcset=\"https:\/\/scoolproject.org\/wp-content\/uploads\/2025\/02\/sport2life_-30.webp 800w, https:\/\/scoolproject.org\/wp-content\/uploads\/2025\/02\/sport2life_-30-300x200.webp 300w, https:\/\/scoolproject.org\/wp-content\/uploads\/2025\/02\/sport2life_-30-720x480.webp 720w\" sizes=\"(max-width: 780px) 100vw, 780px\" \/>\t\t\t\t\t\t\t\t\t\t\t\t\t\t\t<\/div>\n\t\t\t\t<\/div>\n\t\t\t\t<\/div>\n\t\t\t\t\t<\/div>\n\t\t\t\t<\/div>\n\t\t<div class=\"elementor-element elementor-element-68f77b3a e-flex e-con-boxed e-con e-parent\" data-id=\"68f77b3a\" data-element_type=\"container\" data-settings=\"{&quot;background_background&quot;:&quot;classic&quot;}\">\n\t\t\t\t\t<div class=\"e-con-inner\">\n\t\t\t\t\t<\/div>\n\t\t\t\t<\/div>\n\t\t\t\t<\/div>\n\t\t","protected":false},"excerpt":{"rendered":"<p>Upravljanje projektom Upravljanje projektom osigurava da svaka faza provedbe te\u010de glatko i prema planu. Na\u0161 tim brine o svakom detalju, od organizacije doga\u0111aja i koordinacije partnera do osiguravanja u\u010dinkovitog kori\u0161tenja resursa. Redovito pratimo napredak i prilago\u0111avamo aktivnosti kako bismo postigli najbolje mogu\u0107e rezultate. Transparentnost, suradnja i profesionalnost temelji su na\u0161eg pristupa. Roditelji i treneri mogu [&hellip;]<\/p>\n","protected":false},"author":1,"featured_media":0,"parent":0,"menu_order":0,"comment_status":"closed","ping_status":"closed","template":"","meta":{"footnotes":""},"class_list":["post-7436","page","type-page","status-publish","hentry"],"_links":{"self":[{"href":"https:\/\/scoolproject.org\/hr\/wp-json\/wp\/v2\/pages\/7436","targetHints":{"allow":["GET"]}}],"collection":[{"href":"https:\/\/scoolproject.org\/hr\/wp-json\/wp\/v2\/pages"}],"about":[{"href":"https:\/\/scoolproject.org\/hr\/wp-json\/wp\/v2\/types\/page"}],"author":[{"embeddable":true,"href":"https:\/\/scoolproject.org\/hr\/wp-json\/wp\/v2\/users\/1"}],"replies":[{"embeddable":true,"href":"https:\/\/scoolproject.org\/hr\/wp-json\/wp\/v2\/comments?post=7436"}],"version-history":[{"count":17,"href":"https:\/\/scoolproject.org\/hr\/wp-json\/wp\/v2\/pages\/7436\/revisions"}],"predecessor-version":[{"id":8177,"href":"https:\/\/scoolproject.org\/hr\/wp-json\/wp\/v2\/pages\/7436\/revisions\/8177"}],"wp:attachment":[{"href":"https:\/\/scoolproject.org\/hr\/wp-json\/wp\/v2\/media?parent=7436"}],"curies":[{"name":"wp","href":"https:\/\/api.w.org\/{rel}","templated":true}]}}