{"id":7964,"date":"2025-02-12T08:06:08","date_gmt":"2025-02-12T08:06:08","guid":{"rendered":"https:\/\/scoolproject.org\/project-management\/"},"modified":"2025-07-15T08:42:22","modified_gmt":"2025-07-15T08:42:22","slug":"project-management","status":"publish","type":"page","link":"https:\/\/scoolproject.org\/es\/project-management\/","title":{"rendered":"Gesti\u00f3n de proyectos"},"content":{"rendered":"\t\t<div data-elementor-type=\"wp-page\" data-elementor-id=\"7964\" class=\"elementor elementor-7964 elementor-7436\" data-elementor-post-type=\"page\">\n\t\t\t\t<div class=\"elementor-element elementor-element-2a859bb3 e-con-full e-flex e-con e-parent\" data-id=\"2a859bb3\" data-element_type=\"container\" data-settings=\"{&quot;background_background&quot;:&quot;classic&quot;}\">\n\t\t\t\t<div class=\"elementor-element elementor-element-261821a7 elementor-widget elementor-widget-heading\" data-id=\"261821a7\" data-element_type=\"widget\" data-widget_type=\"heading.default\">\n\t\t\t\t<div class=\"elementor-widget-container\">\n\t\t\t\t\t<h1 class=\"elementor-heading-title elementor-size-default\">\nGesti\u00f3n de proyectos<\/h1>\t\t\t\t<\/div>\n\t\t\t\t<\/div>\n\t\t\t\t<\/div>\n\t\t<div class=\"elementor-element elementor-element-684c4f6 e-flex e-con-boxed e-con e-parent\" data-id=\"684c4f6\" data-element_type=\"container\">\n\t\t\t\t\t<div class=\"e-con-inner\">\n\t\t<div class=\"elementor-element elementor-element-546e8459 e-con-full e-flex e-con e-child\" data-id=\"546e8459\" data-element_type=\"container\">\n\t\t\t\t<div class=\"elementor-element elementor-element-70531fdb elementor-widget elementor-widget-text-editor\" data-id=\"70531fdb\" data-element_type=\"widget\" data-widget_type=\"text-editor.default\">\n\t\t\t\t<div class=\"elementor-widget-container\">\n\t\t\t\t\t\t\t\t\t<p><strong>La gesti\u00f3n del proyecto<\/strong> garantiza que cada fase de la implementaci\u00f3n se desarrolle sin contratiempos y seg\u00fan lo previsto. Nuestro equipo se encarga de cada detalle, desde la organizaci\u00f3n del evento y la coordinaci\u00f3n con los socios hasta el uso eficiente de los recursos. Supervisamos peri\u00f3dicamente el progreso y ajustamos las actividades para lograr los mejores resultados posibles. La transparencia, la colaboraci\u00f3n y el profesionalismo son los pilares de nuestro enfoque. Padres y entrenadores pueden estar seguros de que cada paso de este proyecto contribuye al bienestar de los ni\u00f1os participantes.<\/p>\t\t\t\t\t\t\t\t<\/div>\n\t\t\t\t<\/div>\n\t\t\t\t<\/div>\n\t\t<div class=\"elementor-element elementor-element-226f8a39 e-con-full e-flex e-con e-child\" data-id=\"226f8a39\" data-element_type=\"container\">\n\t\t\t\t<div class=\"elementor-element elementor-element-543bb7b elementor-widget elementor-widget-image\" data-id=\"543bb7b\" data-element_type=\"widget\" data-widget_type=\"image.default\">\n\t\t\t\t<div class=\"elementor-widget-container\">\n\t\t\t\t\t\t\t\t\t\t\t\t\t\t\t<img fetchpriority=\"high\" decoding=\"async\" width=\"780\" height=\"521\" src=\"https:\/\/scoolproject.org\/wp-content\/uploads\/2025\/02\/sport2life_-30.webp\" class=\"attachment-large size-large wp-image-7965\" alt=\"\" srcset=\"https:\/\/scoolproject.org\/wp-content\/uploads\/2025\/02\/sport2life_-30.webp 800w, https:\/\/scoolproject.org\/wp-content\/uploads\/2025\/02\/sport2life_-30-300x200.webp 300w\" sizes=\"(max-width: 780px) 100vw, 780px\" \/>\t\t\t\t\t\t\t\t\t\t\t\t\t\t\t<\/div>\n\t\t\t\t<\/div>\n\t\t\t\t<\/div>\n\t\t\t\t\t<\/div>\n\t\t\t\t<\/div>\n\t\t<div class=\"elementor-element elementor-element-68f77b3a e-flex e-con-boxed e-con e-parent\" data-id=\"68f77b3a\" data-element_type=\"container\" data-settings=\"{&quot;background_background&quot;:&quot;classic&quot;}\">\n\t\t\t\t\t<div class=\"e-con-inner\">\n\t\t\t\t\t<\/div>\n\t\t\t\t<\/div>\n\t\t\t\t<\/div>\n\t\t","protected":false},"excerpt":{"rendered":"<p>Gesti\u00f3n de proyectos La gesti\u00f3n del proyecto garantiza que cada fase de la implementaci\u00f3n se desarrolle sin contratiempos y seg\u00fan lo previsto. Nuestro equipo se encarga de cada detalle, desde la organizaci\u00f3n del evento y la coordinaci\u00f3n con los socios hasta el uso eficiente de los recursos. Supervisamos peri\u00f3dicamente el progreso y ajustamos las actividades [&hellip;]<\/p>\n","protected":false},"author":1,"featured_media":0,"parent":0,"menu_order":0,"comment_status":"closed","ping_status":"closed","template":"","meta":{"footnotes":""},"class_list":["post-7964","page","type-page","status-publish","hentry"],"_links":{"self":[{"href":"https:\/\/scoolproject.org\/es\/wp-json\/wp\/v2\/pages\/7964","targetHints":{"allow":["GET"]}}],"collection":[{"href":"https:\/\/scoolproject.org\/es\/wp-json\/wp\/v2\/pages"}],"about":[{"href":"https:\/\/scoolproject.org\/es\/wp-json\/wp\/v2\/types\/page"}],"author":[{"embeddable":true,"href":"https:\/\/scoolproject.org\/es\/wp-json\/wp\/v2\/users\/1"}],"replies":[{"embeddable":true,"href":"https:\/\/scoolproject.org\/es\/wp-json\/wp\/v2\/comments?post=7964"}],"version-history":[{"count":5,"href":"https:\/\/scoolproject.org\/es\/wp-json\/wp\/v2\/pages\/7964\/revisions"}],"predecessor-version":[{"id":8631,"href":"https:\/\/scoolproject.org\/es\/wp-json\/wp\/v2\/pages\/7964\/revisions\/8631"}],"wp:attachment":[{"href":"https:\/\/scoolproject.org\/es\/wp-json\/wp\/v2\/media?parent=7964"}],"curies":[{"name":"wp","href":"https:\/\/api.w.org\/{rel}","templated":true}]}}