{"id":7950,"date":"2025-02-12T08:06:08","date_gmt":"2025-02-12T08:06:08","guid":{"rendered":"https:\/\/scoolproject.org\/project-management\/"},"modified":"2025-07-11T08:59:16","modified_gmt":"2025-07-11T08:59:16","slug":"project-management","status":"publish","type":"page","link":"https:\/\/scoolproject.org\/de\/project-management\/","title":{"rendered":"Projektmanagement"},"content":{"rendered":"\t\t<div data-elementor-type=\"wp-page\" data-elementor-id=\"7950\" class=\"elementor elementor-7950 elementor-7436\" data-elementor-post-type=\"page\">\n\t\t\t\t<div class=\"elementor-element elementor-element-2a859bb3 e-con-full e-flex e-con e-parent\" data-id=\"2a859bb3\" data-element_type=\"container\" data-settings=\"{&quot;background_background&quot;:&quot;classic&quot;}\">\n\t\t\t\t<div class=\"elementor-element elementor-element-261821a7 elementor-widget elementor-widget-heading\" data-id=\"261821a7\" data-element_type=\"widget\" data-widget_type=\"heading.default\">\n\t\t\t\t<div class=\"elementor-widget-container\">\n\t\t\t\t\t<h1 class=\"elementor-heading-title elementor-size-default\">Projektmanagement<\/h1>\t\t\t\t<\/div>\n\t\t\t\t<\/div>\n\t\t\t\t<\/div>\n\t\t<div class=\"elementor-element elementor-element-684c4f6 e-flex e-con-boxed e-con e-parent\" data-id=\"684c4f6\" data-element_type=\"container\">\n\t\t\t\t\t<div class=\"e-con-inner\">\n\t\t<div class=\"elementor-element elementor-element-546e8459 e-con-full e-flex e-con e-child\" data-id=\"546e8459\" data-element_type=\"container\">\n\t\t\t\t<div class=\"elementor-element elementor-element-70531fdb elementor-widget elementor-widget-text-editor\" data-id=\"70531fdb\" data-element_type=\"widget\" data-widget_type=\"text-editor.default\">\n\t\t\t\t<div class=\"elementor-widget-container\">\n\t\t\t\t\t\t\t\t\t<p><strong>Das Projektmanagement<\/strong> stellt sicher, dass jede Phase der Umsetzung reibungslos und planm\u00e4\u00dfig verl\u00e4uft. Unser Team k\u00fcmmert sich um jedes Detail, von der Veranstaltungsorganisation \u00fcber die Partnerkoordination bis hin zum effizienten Ressourceneinsatz. Wir \u00fcberwachen den Fortschritt regelm\u00e4\u00dfig und passen die Aktivit\u00e4ten an, um optimale Ergebnisse zu erzielen. Transparenz, Zusammenarbeit und Professionalit\u00e4t sind die Eckpfeiler unseres Ansatzes. Eltern und Betreuer k\u00f6nnen sicher sein, dass jeder Schritt dieses Projekts zum Wohl der beteiligten Kinder beitr\u00e4gt.<\/p>\t\t\t\t\t\t\t\t<\/div>\n\t\t\t\t<\/div>\n\t\t\t\t<\/div>\n\t\t<div class=\"elementor-element elementor-element-226f8a39 e-con-full e-flex e-con e-child\" data-id=\"226f8a39\" data-element_type=\"container\">\n\t\t\t\t<div class=\"elementor-element elementor-element-543bb7b elementor-widget elementor-widget-image\" data-id=\"543bb7b\" data-element_type=\"widget\" data-widget_type=\"image.default\">\n\t\t\t\t<div class=\"elementor-widget-container\">\n\t\t\t\t\t\t\t\t\t\t\t\t\t\t\t<img fetchpriority=\"high\" decoding=\"async\" width=\"780\" height=\"521\" src=\"https:\/\/scoolproject.org\/wp-content\/uploads\/2025\/02\/sport2life_-30.webp\" class=\"attachment-large size-large wp-image-7951\" alt=\"\" srcset=\"https:\/\/scoolproject.org\/wp-content\/uploads\/2025\/02\/sport2life_-30.webp 800w, https:\/\/scoolproject.org\/wp-content\/uploads\/2025\/02\/sport2life_-30-300x200.webp 300w\" sizes=\"(max-width: 780px) 100vw, 780px\" \/>\t\t\t\t\t\t\t\t\t\t\t\t\t\t\t<\/div>\n\t\t\t\t<\/div>\n\t\t\t\t<\/div>\n\t\t\t\t\t<\/div>\n\t\t\t\t<\/div>\n\t\t<div class=\"elementor-element elementor-element-68f77b3a e-flex e-con-boxed e-con e-parent\" data-id=\"68f77b3a\" data-element_type=\"container\" data-settings=\"{&quot;background_background&quot;:&quot;classic&quot;}\">\n\t\t\t\t\t<div class=\"e-con-inner\">\n\t\t\t\t\t<\/div>\n\t\t\t\t<\/div>\n\t\t\t\t<\/div>\n\t\t","protected":false},"excerpt":{"rendered":"<p>Projektmanagement Das Projektmanagement stellt sicher, dass jede Phase der Umsetzung reibungslos und planm\u00e4\u00dfig verl\u00e4uft. Unser Team k\u00fcmmert sich um jedes Detail, von der Veranstaltungsorganisation \u00fcber die Partnerkoordination bis hin zum effizienten Ressourceneinsatz. Wir \u00fcberwachen den Fortschritt regelm\u00e4\u00dfig und passen die Aktivit\u00e4ten an, um optimale Ergebnisse zu erzielen. Transparenz, Zusammenarbeit und Professionalit\u00e4t sind die Eckpfeiler unseres [&hellip;]<\/p>\n","protected":false},"author":1,"featured_media":0,"parent":0,"menu_order":0,"comment_status":"closed","ping_status":"closed","template":"","meta":{"footnotes":""},"class_list":["post-7950","page","type-page","status-publish","hentry"],"_links":{"self":[{"href":"https:\/\/scoolproject.org\/de\/wp-json\/wp\/v2\/pages\/7950","targetHints":{"allow":["GET"]}}],"collection":[{"href":"https:\/\/scoolproject.org\/de\/wp-json\/wp\/v2\/pages"}],"about":[{"href":"https:\/\/scoolproject.org\/de\/wp-json\/wp\/v2\/types\/page"}],"author":[{"embeddable":true,"href":"https:\/\/scoolproject.org\/de\/wp-json\/wp\/v2\/users\/1"}],"replies":[{"embeddable":true,"href":"https:\/\/scoolproject.org\/de\/wp-json\/wp\/v2\/comments?post=7950"}],"version-history":[{"count":5,"href":"https:\/\/scoolproject.org\/de\/wp-json\/wp\/v2\/pages\/7950\/revisions"}],"predecessor-version":[{"id":8383,"href":"https:\/\/scoolproject.org\/de\/wp-json\/wp\/v2\/pages\/7950\/revisions\/8383"}],"wp:attachment":[{"href":"https:\/\/scoolproject.org\/de\/wp-json\/wp\/v2\/media?parent=7950"}],"curies":[{"name":"wp","href":"https:\/\/api.w.org\/{rel}","templated":true}]}}