{"id":7948,"date":"2025-02-12T08:06:08","date_gmt":"2025-02-12T08:06:08","guid":{"rendered":"https:\/\/scoolproject.org\/project-management\/"},"modified":"2025-07-10T11:04:26","modified_gmt":"2025-07-10T11:04:26","slug":"project-management","status":"publish","type":"page","link":"https:\/\/scoolproject.org\/cs\/project-management\/","title":{"rendered":"Projektov\u00e9 \u0159\u00edzen\u00ed"},"content":{"rendered":"\t\t<div data-elementor-type=\"wp-page\" data-elementor-id=\"7948\" class=\"elementor elementor-7948 elementor-7436\" data-elementor-post-type=\"page\">\n\t\t\t\t<div class=\"elementor-element elementor-element-2a859bb3 e-con-full e-flex e-con e-parent\" data-id=\"2a859bb3\" data-element_type=\"container\" data-settings=\"{&quot;background_background&quot;:&quot;classic&quot;}\">\n\t\t\t\t<div class=\"elementor-element elementor-element-261821a7 elementor-widget elementor-widget-heading\" data-id=\"261821a7\" data-element_type=\"widget\" data-widget_type=\"heading.default\">\n\t\t\t\t<div class=\"elementor-widget-container\">\n\t\t\t\t\t<h1 class=\"elementor-heading-title elementor-size-default\">projektov\u00e9 \u0159\u00edzen\u00ed<\/h1>\t\t\t\t<\/div>\n\t\t\t\t<\/div>\n\t\t\t\t<\/div>\n\t\t<div class=\"elementor-element elementor-element-684c4f6 e-flex e-con-boxed e-con e-parent\" data-id=\"684c4f6\" data-element_type=\"container\">\n\t\t\t\t\t<div class=\"e-con-inner\">\n\t\t<div class=\"elementor-element elementor-element-546e8459 e-con-full e-flex e-con e-child\" data-id=\"546e8459\" data-element_type=\"container\">\n\t\t\t\t<div class=\"elementor-element elementor-element-70531fdb elementor-widget elementor-widget-text-editor\" data-id=\"70531fdb\" data-element_type=\"widget\" data-widget_type=\"text-editor.default\">\n\t\t\t\t<div class=\"elementor-widget-container\">\n\t\t\t\t\t\t\t\t\t<p><strong>Projektov\u00fd management<\/strong> zaji\u0161\u0165uje, \u017ee ka\u017ed\u00e1 f\u00e1ze implementace prob\u00edh\u00e1 hladce a podle pl\u00e1nu. N\u00e1\u0161 t\u00fdm se star\u00e1 o ka\u017ed\u00fd detail, od organizace akc\u00ed a koordinace partner\u016f a\u017e po zaji\u0161t\u011bn\u00ed efektivn\u00edho vyu\u017e\u00edv\u00e1n\u00ed zdroj\u016f. Pravideln\u011b sledujeme pokrok a upravujeme aktivity tak, abychom dos\u00e1hli co nejlep\u0161\u00edch v\u00fdsledk\u016f. Transparentnost, spolupr\u00e1ce a profesionalita jsou z\u00e1kladn\u00edmi kameny na\u0161eho p\u0159\u00edstupu. Rodi\u010de i tren\u00e9\u0159i si mohou b\u00fdt jisti, \u017ee ka\u017ed\u00fd krok tohoto projektu p\u0159isp\u00edv\u00e1 k blahu z\u00fa\u010dastn\u011bn\u00fdch d\u011bt\u00ed.<\/p>\t\t\t\t\t\t\t\t<\/div>\n\t\t\t\t<\/div>\n\t\t\t\t<\/div>\n\t\t<div class=\"elementor-element elementor-element-226f8a39 e-con-full e-flex e-con e-child\" data-id=\"226f8a39\" data-element_type=\"container\">\n\t\t\t\t<div class=\"elementor-element elementor-element-543bb7b elementor-widget elementor-widget-image\" data-id=\"543bb7b\" data-element_type=\"widget\" data-widget_type=\"image.default\">\n\t\t\t\t<div class=\"elementor-widget-container\">\n\t\t\t\t\t\t\t\t\t\t\t\t\t\t\t<img fetchpriority=\"high\" decoding=\"async\" width=\"780\" height=\"521\" src=\"https:\/\/scoolproject.org\/wp-content\/uploads\/2025\/02\/sport2life_-30.webp\" class=\"attachment-large size-large wp-image-7949\" alt=\"\" srcset=\"https:\/\/scoolproject.org\/wp-content\/uploads\/2025\/02\/sport2life_-30.webp 800w, https:\/\/scoolproject.org\/wp-content\/uploads\/2025\/02\/sport2life_-30-300x200.webp 300w\" sizes=\"(max-width: 780px) 100vw, 780px\" \/>\t\t\t\t\t\t\t\t\t\t\t\t\t\t\t<\/div>\n\t\t\t\t<\/div>\n\t\t\t\t<\/div>\n\t\t\t\t\t<\/div>\n\t\t\t\t<\/div>\n\t\t<div class=\"elementor-element elementor-element-68f77b3a e-flex e-con-boxed e-con e-parent\" data-id=\"68f77b3a\" data-element_type=\"container\" data-settings=\"{&quot;background_background&quot;:&quot;classic&quot;}\">\n\t\t\t\t\t<div class=\"e-con-inner\">\n\t\t\t\t\t<\/div>\n\t\t\t\t<\/div>\n\t\t\t\t<\/div>\n\t\t","protected":false},"excerpt":{"rendered":"<p>projektov\u00e9 \u0159\u00edzen\u00ed Projektov\u00fd management zaji\u0161\u0165uje, \u017ee ka\u017ed\u00e1 f\u00e1ze implementace prob\u00edh\u00e1 hladce a podle pl\u00e1nu. N\u00e1\u0161 t\u00fdm se star\u00e1 o ka\u017ed\u00fd detail, od organizace akc\u00ed a koordinace partner\u016f a\u017e po zaji\u0161t\u011bn\u00ed efektivn\u00edho vyu\u017e\u00edv\u00e1n\u00ed zdroj\u016f. Pravideln\u011b sledujeme pokrok a upravujeme aktivity tak, abychom dos\u00e1hli co nejlep\u0161\u00edch v\u00fdsledk\u016f. Transparentnost, spolupr\u00e1ce a profesionalita jsou z\u00e1kladn\u00edmi kameny na\u0161eho p\u0159\u00edstupu. Rodi\u010de [&hellip;]<\/p>\n","protected":false},"author":1,"featured_media":0,"parent":0,"menu_order":0,"comment_status":"closed","ping_status":"closed","template":"","meta":{"footnotes":""},"class_list":["post-7948","page","type-page","status-publish","hentry"],"_links":{"self":[{"href":"https:\/\/scoolproject.org\/cs\/wp-json\/wp\/v2\/pages\/7948","targetHints":{"allow":["GET"]}}],"collection":[{"href":"https:\/\/scoolproject.org\/cs\/wp-json\/wp\/v2\/pages"}],"about":[{"href":"https:\/\/scoolproject.org\/cs\/wp-json\/wp\/v2\/types\/page"}],"author":[{"embeddable":true,"href":"https:\/\/scoolproject.org\/cs\/wp-json\/wp\/v2\/users\/1"}],"replies":[{"embeddable":true,"href":"https:\/\/scoolproject.org\/cs\/wp-json\/wp\/v2\/comments?post=7948"}],"version-history":[{"count":5,"href":"https:\/\/scoolproject.org\/cs\/wp-json\/wp\/v2\/pages\/7948\/revisions"}],"predecessor-version":[{"id":8263,"href":"https:\/\/scoolproject.org\/cs\/wp-json\/wp\/v2\/pages\/7948\/revisions\/8263"}],"wp:attachment":[{"href":"https:\/\/scoolproject.org\/cs\/wp-json\/wp\/v2\/media?parent=7948"}],"curies":[{"name":"wp","href":"https:\/\/api.w.org\/{rel}","templated":true}]}}